{"id":2812,"date":"2025-12-02T01:44:59","date_gmt":"2025-12-02T01:44:59","guid":{"rendered":"https:\/\/www.artfireplace.com\/tietoa-meista\/"},"modified":"2026-04-27T03:32:00","modified_gmt":"2026-04-27T03:32:00","slug":"tietoa-meista","status":"publish","type":"page","link":"https:\/\/www.artfireplace.com\/fi\/tietoa-meista\/","title":{"rendered":"Tietoa meist\u00e4"},"content":{"rendered":"<style>.kb-row-layout-id148_1df56c-b3 > .kt-row-column-wrap{align-content:start;}:where(.kb-row-layout-id148_1df56c-b3 > .kt-row-column-wrap) > .wp-block-kadence-column{justify-content:start;}.kb-row-layout-id148_1df56c-b3 > .kt-row-column-wrap{column-gap:var(--global-kb-gap-md, 2rem);row-gap:var(--global-kb-gap-md, 2rem);padding-top:var(--global-kb-spacing-sm, 1.5rem);padding-bottom:var(--global-kb-spacing-sm, 1.5rem);grid-template-columns:repeat(2, minmax(0, 1fr));}.kb-row-layout-id148_1df56c-b3 > .kt-row-layout-overlay{opacity:0.30;}@media all and (max-width: 1024px){.kb-row-layout-id148_1df56c-b3 > .kt-row-column-wrap{grid-template-columns:repeat(2, minmax(0, 1fr));}}@media all and (max-width: 767px){.kb-row-layout-id148_1df56c-b3 > .kt-row-column-wrap{grid-template-columns:minmax(0, 1fr);}}<\/style><div class=\"kb-row-layout-wrap kb-row-layout-id148_1df56c-b3 alignnone wp-block-kadence-rowlayout\"><div class=\"kt-row-column-wrap kt-has-2-columns kt-row-layout-equal kt-tab-layout-inherit kt-mobile-layout-row kt-row-valign-top\">\n<style>.kadence-column148_a12804-59 > .kt-inside-inner-col,.kadence-column148_a12804-59 > .kt-inside-inner-col:before{border-top-left-radius:0px;border-top-right-radius:0px;border-bottom-right-radius:0px;border-bottom-left-radius:0px;}.kadence-column148_a12804-59 > .kt-inside-inner-col{column-gap:var(--global-kb-gap-sm, 1rem);}.kadence-column148_a12804-59 > .kt-inside-inner-col{flex-direction:column;}.kadence-column148_a12804-59 > .kt-inside-inner-col > .aligncenter{width:100%;}.kadence-column148_a12804-59 > .kt-inside-inner-col:before{opacity:0.3;}.kadence-column148_a12804-59{position:relative;}@media all and (max-width: 1024px){.kadence-column148_a12804-59 > .kt-inside-inner-col{flex-direction:column;justify-content:center;}}@media all and (max-width: 767px){.kadence-column148_a12804-59 > .kt-inside-inner-col{flex-direction:column;justify-content:center;}}<\/style>\n<div class=\"wp-block-kadence-column kadence-column148_a12804-59\"><div class=\"kt-inside-inner-col\"><style>.wp-block-kadence-advancedheading.kt-adv-heading148_0be28f-6d, .wp-block-kadence-advancedheading.kt-adv-heading148_0be28f-6d[data-kb-block=\"kb-adv-heading148_0be28f-6d\"]{font-style:normal;}.wp-block-kadence-advancedheading.kt-adv-heading148_0be28f-6d mark.kt-highlight, .wp-block-kadence-advancedheading.kt-adv-heading148_0be28f-6d[data-kb-block=\"kb-adv-heading148_0be28f-6d\"] mark.kt-highlight{font-style:normal;color:#f76a0c;-webkit-box-decoration-break:clone;box-decoration-break:clone;padding-top:0px;padding-right:0px;padding-bottom:0px;padding-left:0px;}.wp-block-kadence-advancedheading.kt-adv-heading148_0be28f-6d img.kb-inline-image, .wp-block-kadence-advancedheading.kt-adv-heading148_0be28f-6d[data-kb-block=\"kb-adv-heading148_0be28f-6d\"] img.kb-inline-image{width:150px;vertical-align:baseline;}<\/style>\n<h2 class=\"kt-adv-heading148_0be28f-6d wp-block-kadence-advancedheading\" data-kb-block=\"kb-adv-heading148_0be28f-6d\">Tietoa meist\u00e4<\/h2>\n\n\n<style>.wp-block-kadence-advancedheading.kt-adv-heading148_13a83c-03, .wp-block-kadence-advancedheading.kt-adv-heading148_13a83c-03[data-kb-block=\"kb-adv-heading148_13a83c-03\"]{font-style:normal;}.wp-block-kadence-advancedheading.kt-adv-heading148_13a83c-03 mark.kt-highlight, .wp-block-kadence-advancedheading.kt-adv-heading148_13a83c-03[data-kb-block=\"kb-adv-heading148_13a83c-03\"] mark.kt-highlight{font-style:normal;color:#f76a0c;-webkit-box-decoration-break:clone;box-decoration-break:clone;padding-top:0px;padding-right:0px;padding-bottom:0px;padding-left:0px;}.wp-block-kadence-advancedheading.kt-adv-heading148_13a83c-03 img.kb-inline-image, .wp-block-kadence-advancedheading.kt-adv-heading148_13a83c-03[data-kb-block=\"kb-adv-heading148_13a83c-03\"] img.kb-inline-image{width:150px;vertical-align:baseline;}<\/style>\n<p class=\"kt-adv-heading148_13a83c-03 wp-block-kadence-advancedheading\" data-kb-block=\"kb-adv-heading148_13a83c-03\">Art Fireplace Technology Limited. on ammattimainen automaattisten bioetanolitakkojen ja 3D-vesih\u00f6yrytakkojen valmistaja Kiinassa. Keskitymme kaukos\u00e4\u00e4dett\u00e4viin \u00e4lykk\u00e4isiin takkoihin, joissa on eritt\u00e4in moderni sisustussuunnittelu ja k\u00e4sity\u00f6taito. Kaikki Art Fireplace -mallit ovat l\u00e4p\u00e4isseet CE\/FCC\/IC-hyv\u00e4ksytyt sertifioinnit. \u00c4lykk\u00e4iden takka\u00adj\u00e4rjestelmien johtavana toimittajana meill\u00e4 on velvollisuus toimittaa korkea\u00adteknologisia ja laadukkaita takkoja asiakkaille ymp\u00e4ri maailmaa. Sis\u00e4tiloihin ja asuntoihin, huviloihin ja hotelleihin sek\u00e4 kaikkiin joustaviin suunnitelmiin modernit upotettavat savuttomat s\u00e4hk\u00f6takat ovat paras valinta. Tavoitteenamme on luoda ainutlaatuinen ja erityinen takkasuunnitelmanne sek\u00e4 mukava asuintilanne!<\/p>\n<\/div><\/div>\n\n\n<style>.kadence-column148_cd945f-5a > .kt-inside-inner-col,.kadence-column148_cd945f-5a > .kt-inside-inner-col:before{border-top-left-radius:0px;border-top-right-radius:0px;border-bottom-right-radius:0px;border-bottom-left-radius:0px;}.kadence-column148_cd945f-5a > .kt-inside-inner-col{column-gap:var(--global-kb-gap-sm, 1rem);}.kadence-column148_cd945f-5a > .kt-inside-inner-col{flex-direction:column;}.kadence-column148_cd945f-5a > .kt-inside-inner-col > .aligncenter{width:100%;}.kadence-column148_cd945f-5a > .kt-inside-inner-col:before{opacity:0.3;}.kadence-column148_cd945f-5a{position:relative;}@media all and (max-width: 1024px){.kadence-column148_cd945f-5a > .kt-inside-inner-col{flex-direction:column;justify-content:center;}}@media all and (max-width: 767px){.kadence-column148_cd945f-5a > .kt-inside-inner-col{flex-direction:column;justify-content:center;}}<\/style>\n<div class=\"wp-block-kadence-column kadence-column148_cd945f-5a\"><div class=\"kt-inside-inner-col\"><style>.kb-advanced-slider-148_a874a2-39 .kb-slider-pause-button{color:#fff;background-color:rgba(0, 0, 0, 0.8);border:1px solid transparent;}<\/style><div class=\"kb-advanced-slider kb-advanced-slider-148_a874a2-39 wp-block-kadence-slider\"><div class=\"kb-advanced-slider-inner-contain kb-adv-slider-html-version-2\"><div class=\"kb-blocks-advanced-carousel kt-blocks-carousel kt-carousel-container-dotstyle-none\"><div class=\"kb-blocks-advanced-slider-init kb-slider-loading kb-blocks-slider kt-carousel-arrowstyle-whiteondark kt-carousel-dotstyle-none kb-slider-size-ratio kb-slider-type-slider kb-slider-ratio-12-5 kb-slider-group-arrow kb-slider-arrow-position-center kb-slider-tab-ratio-inherit kb-slider-mobile-ratio-inherit splide kb-splide  kb-slider-version-3\" aria-label=\"Slider content\" data-slider-center-mode=\"true\" data-slider-type=\"slider\" data-loop-type=\"loop\" data-columns-xxl=\"3\" data-columns-xl=\"3\" data-columns-md=\"3\" data-columns-sm=\"2\" data-columns-xs=\"1\" data-columns-ss=\"1\" data-slider-anim-speed=\"400\" data-slider-scroll=\"1\" data-slider-fade=\"true\" data-slider-arrows=\"true\" data-slider-dots=\"false\" data-slider-hover-pause=\"false\" data-slider-auto=\"true\"  data-dragging=\"true\" data-slider-speed=\"7000\" data-slider-gap=\"30\" data-slider-gap-tablet=\"30\" data-slider-gap-mobile=\"30\" data-slider-gap-unit=\"px\"><div class=\"splide__track\"><ul class=\"splide__list\">\n\n<li class=\"wp-block-kadence-slide kb-advanced-slide-item kb-slide-148_8d2569-87\"><div class=\"kb-advanced-slide\"><div class=\"kb-advanced-slide-inner-wrap\"><div class=\"kb-advanced-slide-inner\"><\/div><\/div><\/div><\/li>\n\n\n\n<li class=\"wp-block-kadence-slide kb-advanced-slide-item kb-slide-148_a0508f-d2\"><div class=\"kb-advanced-slide\"><div class=\"kb-advanced-slide-inner-wrap\"><div class=\"kb-advanced-slide-inner\"><\/div><\/div><\/div><\/li>\n\n\n\n<li class=\"wp-block-kadence-slide kb-advanced-slide-item kb-slide-148_a9be28-cc\"><div class=\"kb-advanced-slide\"><div class=\"kb-advanced-slide-inner-wrap\"><div class=\"kb-advanced-slide-inner\"><\/div><\/div><\/div><\/li>\n\n<\/ul><\/div><\/div><\/div><\/div><\/div><\/div><\/div>\n\n<\/div><\/div>","protected":false},"excerpt":{"rendered":"<p>Tietoa meist\u00e4 Art Fireplace Technology Limited. on ammattimainen automaattisten bioetanolitakkojen ja 3D-vesih\u00f6yrytakkojen valmistaja Kiinassa. Keskitymme kaukos\u00e4\u00e4dett\u00e4viin \u00e4lykk\u00e4isiin takkoihin, joissa on eritt\u00e4in moderni sisustussuunnittelu ja k\u00e4sity\u00f6taito. Kaikki Art Fireplace -mallit ovat l\u00e4p\u00e4isseet CE\/FCC\/IC-hyv\u00e4ksytyt sertifioinnit. \u00c4lykk\u00e4iden takka\u00adj\u00e4rjestelmien johtavana toimittajana meill\u00e4 on velvollisuus toimittaa korkea\u00adteknologisia ja laadukkaita takkoja asiakkaille ymp\u00e4ri maailmaa. Sis\u00e4tiloihin ja asuntoihin, huviloihin ja hotelleihin sek\u00e4&#8230;<\/p>\n","protected":false},"author":1,"featured_media":0,"parent":0,"menu_order":0,"comment_status":"closed","ping_status":"closed","template":"","meta":{"_acf_changed":false,"_kad_blocks_custom_css":"","_kad_blocks_head_custom_js":"","_kad_blocks_body_custom_js":"","_kad_blocks_footer_custom_js":"","_kad_post_transparent":"","_kad_post_title":"","_kad_post_layout":"","_kad_post_sidebar_id":"","_kad_post_content_style":"","_kad_post_vertical_padding":"","_kad_post_feature":"","_kad_post_feature_position":"","_kad_post_header":false,"_kad_post_footer":false,"_kad_post_classname":"","footnotes":""},"class_list":["post-2812","page","type-page","status-publish","hentry"],"acf":[],"yoast_head":"<!-- This site is optimized with the Yoast SEO plugin v27.4 - https:\/\/yoast.com\/product\/yoast-seo-wordpress\/ -->\n<title>Tietoa meist\u00e4 - Modern Art Flames<\/title>\n<meta name=\"robots\" content=\"index, follow, max-snippet:-1, max-image-preview:large, max-video-preview:-1\" \/>\n<link rel=\"canonical\" href=\"https:\/\/www.artfireplace.com\/fi\/tietoa-meista\/\" \/>\n<meta property=\"og:locale\" content=\"fi_FI\" \/>\n<meta property=\"og:type\" content=\"article\" \/>\n<meta property=\"og:title\" content=\"Tietoa meist\u00e4 - Modern Art Flames\" \/>\n<meta property=\"og:description\" content=\"Tietoa meist\u00e4 Art Fireplace Technology Limited. on ammattimainen automaattisten bioetanolitakkojen ja 3D-vesih\u00f6yrytakkojen valmistaja Kiinassa. Keskitymme kaukos\u00e4\u00e4dett\u00e4viin \u00e4lykk\u00e4isiin takkoihin, joissa on eritt\u00e4in moderni sisustussuunnittelu ja k\u00e4sity\u00f6taito. Kaikki Art Fireplace -mallit ovat l\u00e4p\u00e4isseet CE\/FCC\/IC-hyv\u00e4ksytyt sertifioinnit. \u00c4lykk\u00e4iden takka\u00adj\u00e4rjestelmien johtavana toimittajana meill\u00e4 on velvollisuus toimittaa korkea\u00adteknologisia ja laadukkaita takkoja asiakkaille ymp\u00e4ri maailmaa. Sis\u00e4tiloihin ja asuntoihin, huviloihin ja hotelleihin sek\u00e4...\" \/>\n<meta property=\"og:url\" content=\"https:\/\/www.artfireplace.com\/fi\/tietoa-meista\/\" \/>\n<meta property=\"og:site_name\" content=\"Modern Art Flames\" \/>\n<meta property=\"article:modified_time\" content=\"2026-04-27T03:32:00+00:00\" \/>\n<meta name=\"twitter:card\" content=\"summary_large_image\" \/>\n<script type=\"application\/ld+json\" class=\"yoast-schema-graph\">{\"@context\":\"https:\\\/\\\/schema.org\",\"@graph\":[{\"@type\":\"WebPage\",\"@id\":\"https:\\\/\\\/www.artfireplace.com\\\/fi\\\/tietoa-meista\\\/\",\"url\":\"https:\\\/\\\/www.artfireplace.com\\\/fi\\\/tietoa-meista\\\/\",\"name\":\"Tietoa meist\u00e4 - Modern Art Flames\",\"isPartOf\":{\"@id\":\"https:\\\/\\\/www.artfireplace.com\\\/fi\\\/#website\"},\"datePublished\":\"2025-12-02T01:44:59+00:00\",\"dateModified\":\"2026-04-27T03:32:00+00:00\",\"breadcrumb\":{\"@id\":\"https:\\\/\\\/www.artfireplace.com\\\/fi\\\/tietoa-meista\\\/#breadcrumb\"},\"inLanguage\":\"fi\",\"potentialAction\":[{\"@type\":\"ReadAction\",\"target\":[\"https:\\\/\\\/www.artfireplace.com\\\/fi\\\/tietoa-meista\\\/\"]}]},{\"@type\":\"BreadcrumbList\",\"@id\":\"https:\\\/\\\/www.artfireplace.com\\\/fi\\\/tietoa-meista\\\/#breadcrumb\",\"itemListElement\":[{\"@type\":\"ListItem\",\"position\":1,\"name\":\"Home\",\"item\":\"https:\\\/\\\/www.artfireplace.com\\\/fi\\\/\"},{\"@type\":\"ListItem\",\"position\":2,\"name\":\"Tietoa meist\u00e4\"}]},{\"@type\":\"WebSite\",\"@id\":\"https:\\\/\\\/www.artfireplace.com\\\/fi\\\/#website\",\"url\":\"https:\\\/\\\/www.artfireplace.com\\\/fi\\\/\",\"name\":\"Modern Art Flames\",\"description\":\"ArtFireplace\",\"publisher\":{\"@id\":\"https:\\\/\\\/www.artfireplace.com\\\/fi\\\/#organization\"},\"potentialAction\":[{\"@type\":\"SearchAction\",\"target\":{\"@type\":\"EntryPoint\",\"urlTemplate\":\"https:\\\/\\\/www.artfireplace.com\\\/fi\\\/?s={search_term_string}\"},\"query-input\":{\"@type\":\"PropertyValueSpecification\",\"valueRequired\":true,\"valueName\":\"search_term_string\"}}],\"inLanguage\":\"fi\"},{\"@type\":\"Organization\",\"@id\":\"https:\\\/\\\/www.artfireplace.com\\\/fi\\\/#organization\",\"name\":\"Modern Art Flames\",\"url\":\"https:\\\/\\\/www.artfireplace.com\\\/fi\\\/\",\"logo\":{\"@type\":\"ImageObject\",\"inLanguage\":\"fi\",\"@id\":\"https:\\\/\\\/www.artfireplace.com\\\/fi\\\/#\\\/schema\\\/logo\\\/image\\\/\",\"url\":\"https:\\\/\\\/www.artfireplace.com\\\/wp-content\\\/uploads\\\/2025\\\/12\\\/logonew-e1764836223473.webp\",\"contentUrl\":\"https:\\\/\\\/www.artfireplace.com\\\/wp-content\\\/uploads\\\/2025\\\/12\\\/logonew-e1764836223473.webp\",\"width\":552,\"height\":120,\"caption\":\"Modern Art Flames\"},\"image\":{\"@id\":\"https:\\\/\\\/www.artfireplace.com\\\/fi\\\/#\\\/schema\\\/logo\\\/image\\\/\"}}]}<\/script>\n<!-- \/ Yoast SEO plugin. -->","yoast_head_json":{"title":"Tietoa meist\u00e4 - Modern Art Flames","robots":{"index":"index","follow":"follow","max-snippet":"max-snippet:-1","max-image-preview":"max-image-preview:large","max-video-preview":"max-video-preview:-1"},"canonical":"https:\/\/www.artfireplace.com\/fi\/tietoa-meista\/","og_locale":"fi_FI","og_type":"article","og_title":"Tietoa meist\u00e4 - Modern Art Flames","og_description":"Tietoa meist\u00e4 Art Fireplace Technology Limited. on ammattimainen automaattisten bioetanolitakkojen ja 3D-vesih\u00f6yrytakkojen valmistaja Kiinassa. Keskitymme kaukos\u00e4\u00e4dett\u00e4viin \u00e4lykk\u00e4isiin takkoihin, joissa on eritt\u00e4in moderni sisustussuunnittelu ja k\u00e4sity\u00f6taito. Kaikki Art Fireplace -mallit ovat l\u00e4p\u00e4isseet CE\/FCC\/IC-hyv\u00e4ksytyt sertifioinnit. \u00c4lykk\u00e4iden takka\u00adj\u00e4rjestelmien johtavana toimittajana meill\u00e4 on velvollisuus toimittaa korkea\u00adteknologisia ja laadukkaita takkoja asiakkaille ymp\u00e4ri maailmaa. Sis\u00e4tiloihin ja asuntoihin, huviloihin ja hotelleihin sek\u00e4...","og_url":"https:\/\/www.artfireplace.com\/fi\/tietoa-meista\/","og_site_name":"Modern Art Flames","article_modified_time":"2026-04-27T03:32:00+00:00","twitter_card":"summary_large_image","schema":{"@context":"https:\/\/schema.org","@graph":[{"@type":"WebPage","@id":"https:\/\/www.artfireplace.com\/fi\/tietoa-meista\/","url":"https:\/\/www.artfireplace.com\/fi\/tietoa-meista\/","name":"Tietoa meist\u00e4 - Modern Art Flames","isPartOf":{"@id":"https:\/\/www.artfireplace.com\/fi\/#website"},"datePublished":"2025-12-02T01:44:59+00:00","dateModified":"2026-04-27T03:32:00+00:00","breadcrumb":{"@id":"https:\/\/www.artfireplace.com\/fi\/tietoa-meista\/#breadcrumb"},"inLanguage":"fi","potentialAction":[{"@type":"ReadAction","target":["https:\/\/www.artfireplace.com\/fi\/tietoa-meista\/"]}]},{"@type":"BreadcrumbList","@id":"https:\/\/www.artfireplace.com\/fi\/tietoa-meista\/#breadcrumb","itemListElement":[{"@type":"ListItem","position":1,"name":"Home","item":"https:\/\/www.artfireplace.com\/fi\/"},{"@type":"ListItem","position":2,"name":"Tietoa meist\u00e4"}]},{"@type":"WebSite","@id":"https:\/\/www.artfireplace.com\/fi\/#website","url":"https:\/\/www.artfireplace.com\/fi\/","name":"Modern Art Flames","description":"ArtFireplace","publisher":{"@id":"https:\/\/www.artfireplace.com\/fi\/#organization"},"potentialAction":[{"@type":"SearchAction","target":{"@type":"EntryPoint","urlTemplate":"https:\/\/www.artfireplace.com\/fi\/?s={search_term_string}"},"query-input":{"@type":"PropertyValueSpecification","valueRequired":true,"valueName":"search_term_string"}}],"inLanguage":"fi"},{"@type":"Organization","@id":"https:\/\/www.artfireplace.com\/fi\/#organization","name":"Modern Art Flames","url":"https:\/\/www.artfireplace.com\/fi\/","logo":{"@type":"ImageObject","inLanguage":"fi","@id":"https:\/\/www.artfireplace.com\/fi\/#\/schema\/logo\/image\/","url":"https:\/\/www.artfireplace.com\/wp-content\/uploads\/2025\/12\/logonew-e1764836223473.webp","contentUrl":"https:\/\/www.artfireplace.com\/wp-content\/uploads\/2025\/12\/logonew-e1764836223473.webp","width":552,"height":120,"caption":"Modern Art Flames"},"image":{"@id":"https:\/\/www.artfireplace.com\/fi\/#\/schema\/logo\/image\/"}}]}},"taxonomy_info":[],"featured_image_src_large":false,"author_info":{"display_name":"qiuzhang","author_link":"https:\/\/www.artfireplace.com\/fi\/author\/qiuzhang\/"},"comment_info":0,"_links":{"self":[{"href":"https:\/\/www.artfireplace.com\/fi\/wp-json\/wp\/v2\/pages\/2812","targetHints":{"allow":["GET"]}}],"collection":[{"href":"https:\/\/www.artfireplace.com\/fi\/wp-json\/wp\/v2\/pages"}],"about":[{"href":"https:\/\/www.artfireplace.com\/fi\/wp-json\/wp\/v2\/types\/page"}],"author":[{"embeddable":true,"href":"https:\/\/www.artfireplace.com\/fi\/wp-json\/wp\/v2\/users\/1"}],"replies":[{"embeddable":true,"href":"https:\/\/www.artfireplace.com\/fi\/wp-json\/wp\/v2\/comments?post=2812"}],"version-history":[{"count":1,"href":"https:\/\/www.artfireplace.com\/fi\/wp-json\/wp\/v2\/pages\/2812\/revisions"}],"predecessor-version":[{"id":2813,"href":"https:\/\/www.artfireplace.com\/fi\/wp-json\/wp\/v2\/pages\/2812\/revisions\/2813"}],"wp:attachment":[{"href":"https:\/\/www.artfireplace.com\/fi\/wp-json\/wp\/v2\/media?parent=2812"}],"curies":[{"name":"wp","href":"https:\/\/api.w.org\/{rel}","templated":true}]}}