{"id":2808,"date":"2025-12-02T01:44:59","date_gmt":"2025-12-02T01:44:59","guid":{"rendered":"https:\/\/www.artfireplace.com\/om-os\/"},"modified":"2026-04-27T03:26:43","modified_gmt":"2026-04-27T03:26:43","slug":"om-os","status":"publish","type":"page","link":"https:\/\/www.artfireplace.com\/da\/om-os\/","title":{"rendered":"Om os"},"content":{"rendered":"<style>.kb-row-layout-id148_1df56c-b3 > .kt-row-column-wrap{align-content:start;}:where(.kb-row-layout-id148_1df56c-b3 > .kt-row-column-wrap) > .wp-block-kadence-column{justify-content:start;}.kb-row-layout-id148_1df56c-b3 > .kt-row-column-wrap{column-gap:var(--global-kb-gap-md, 2rem);row-gap:var(--global-kb-gap-md, 2rem);padding-top:var(--global-kb-spacing-sm, 1.5rem);padding-bottom:var(--global-kb-spacing-sm, 1.5rem);grid-template-columns:repeat(2, minmax(0, 1fr));}.kb-row-layout-id148_1df56c-b3 > .kt-row-layout-overlay{opacity:0.30;}@media all and (max-width: 1024px){.kb-row-layout-id148_1df56c-b3 > .kt-row-column-wrap{grid-template-columns:repeat(2, minmax(0, 1fr));}}@media all and (max-width: 767px){.kb-row-layout-id148_1df56c-b3 > .kt-row-column-wrap{grid-template-columns:minmax(0, 1fr);}}<\/style><div class=\"kb-row-layout-wrap kb-row-layout-id148_1df56c-b3 alignnone wp-block-kadence-rowlayout\"><div class=\"kt-row-column-wrap kt-has-2-columns kt-row-layout-equal kt-tab-layout-inherit kt-mobile-layout-row kt-row-valign-top\">\n<style>.kadence-column148_a12804-59 > .kt-inside-inner-col,.kadence-column148_a12804-59 > .kt-inside-inner-col:before{border-top-left-radius:0px;border-top-right-radius:0px;border-bottom-right-radius:0px;border-bottom-left-radius:0px;}.kadence-column148_a12804-59 > .kt-inside-inner-col{column-gap:var(--global-kb-gap-sm, 1rem);}.kadence-column148_a12804-59 > .kt-inside-inner-col{flex-direction:column;}.kadence-column148_a12804-59 > .kt-inside-inner-col > .aligncenter{width:100%;}.kadence-column148_a12804-59 > .kt-inside-inner-col:before{opacity:0.3;}.kadence-column148_a12804-59{position:relative;}@media all and (max-width: 1024px){.kadence-column148_a12804-59 > .kt-inside-inner-col{flex-direction:column;justify-content:center;}}@media all and (max-width: 767px){.kadence-column148_a12804-59 > .kt-inside-inner-col{flex-direction:column;justify-content:center;}}<\/style>\n<div class=\"wp-block-kadence-column kadence-column148_a12804-59\"><div class=\"kt-inside-inner-col\"><style>.wp-block-kadence-advancedheading.kt-adv-heading148_0be28f-6d, .wp-block-kadence-advancedheading.kt-adv-heading148_0be28f-6d[data-kb-block=\"kb-adv-heading148_0be28f-6d\"]{font-style:normal;}.wp-block-kadence-advancedheading.kt-adv-heading148_0be28f-6d mark.kt-highlight, .wp-block-kadence-advancedheading.kt-adv-heading148_0be28f-6d[data-kb-block=\"kb-adv-heading148_0be28f-6d\"] mark.kt-highlight{font-style:normal;color:#f76a0c;-webkit-box-decoration-break:clone;box-decoration-break:clone;padding-top:0px;padding-right:0px;padding-bottom:0px;padding-left:0px;}.wp-block-kadence-advancedheading.kt-adv-heading148_0be28f-6d img.kb-inline-image, .wp-block-kadence-advancedheading.kt-adv-heading148_0be28f-6d[data-kb-block=\"kb-adv-heading148_0be28f-6d\"] img.kb-inline-image{width:150px;vertical-align:baseline;}<\/style>\n<h2 class=\"kt-adv-heading148_0be28f-6d wp-block-kadence-advancedheading\" data-kb-block=\"kb-adv-heading148_0be28f-6d\">Om os<\/h2>\n\n\n<style>.wp-block-kadence-advancedheading.kt-adv-heading148_13a83c-03, .wp-block-kadence-advancedheading.kt-adv-heading148_13a83c-03[data-kb-block=\"kb-adv-heading148_13a83c-03\"]{font-style:normal;}.wp-block-kadence-advancedheading.kt-adv-heading148_13a83c-03 mark.kt-highlight, .wp-block-kadence-advancedheading.kt-adv-heading148_13a83c-03[data-kb-block=\"kb-adv-heading148_13a83c-03\"] mark.kt-highlight{font-style:normal;color:#f76a0c;-webkit-box-decoration-break:clone;box-decoration-break:clone;padding-top:0px;padding-right:0px;padding-bottom:0px;padding-left:0px;}.wp-block-kadence-advancedheading.kt-adv-heading148_13a83c-03 img.kb-inline-image, .wp-block-kadence-advancedheading.kt-adv-heading148_13a83c-03[data-kb-block=\"kb-adv-heading148_13a83c-03\"] img.kb-inline-image{width:150px;vertical-align:baseline;}<\/style>\n<p class=\"kt-adv-heading148_13a83c-03 wp-block-kadence-advancedheading\" data-kb-block=\"kb-adv-heading148_13a83c-03\">Art Fireplace Technology Limited. er en professionel producent af automatiske bioethanolpejse og 3D-vanddamppejse i Kina. Vi fokuserer p\u00e5 fjernstyrede, intelligente pejse med ultramoderne indretningsdesign og h\u00e5ndv\u00e6rk. Alle Art Fireplace-modeller har best\u00e5et CE\/FCC\/IC-godkendte certificeringer. Som f\u00f8rende inden for intelligente pejseanl\u00e6g er vi forpligtet til at levere h\u00f8jteknologiske pejse af h\u00f8j kvalitet til kunder over hele verden. Til indend\u00f8rs rum og lejligheder, villaer og hoteller samt fleksible designl\u00f8sninger er moderne indbygningspejse uden aftr\u00e6k (ventless) med elektronisk styring det bedste valg. Vi str\u00e6ber efter at skabe Deres unikke &amp; s\u00e6rlige designpejs og et komfortabelt boligmilj\u00f8!<\/p>\n<\/div><\/div>\n\n\n<style>.kadence-column148_cd945f-5a > .kt-inside-inner-col,.kadence-column148_cd945f-5a > .kt-inside-inner-col:before{border-top-left-radius:0px;border-top-right-radius:0px;border-bottom-right-radius:0px;border-bottom-left-radius:0px;}.kadence-column148_cd945f-5a > .kt-inside-inner-col{column-gap:var(--global-kb-gap-sm, 1rem);}.kadence-column148_cd945f-5a > .kt-inside-inner-col{flex-direction:column;}.kadence-column148_cd945f-5a > .kt-inside-inner-col > .aligncenter{width:100%;}.kadence-column148_cd945f-5a > .kt-inside-inner-col:before{opacity:0.3;}.kadence-column148_cd945f-5a{position:relative;}@media all and (max-width: 1024px){.kadence-column148_cd945f-5a > .kt-inside-inner-col{flex-direction:column;justify-content:center;}}@media all and (max-width: 767px){.kadence-column148_cd945f-5a > .kt-inside-inner-col{flex-direction:column;justify-content:center;}}<\/style>\n<div class=\"wp-block-kadence-column kadence-column148_cd945f-5a\"><div class=\"kt-inside-inner-col\"><style>.kb-advanced-slider-148_a874a2-39 .kb-slider-pause-button{color:#fff;background-color:rgba(0, 0, 0, 0.8);border:1px solid transparent;}<\/style><div class=\"kb-advanced-slider kb-advanced-slider-148_a874a2-39 wp-block-kadence-slider\"><div class=\"kb-advanced-slider-inner-contain kb-adv-slider-html-version-2\"><div class=\"kb-blocks-advanced-carousel kt-blocks-carousel kt-carousel-container-dotstyle-none\"><div class=\"kb-blocks-advanced-slider-init kb-slider-loading kb-blocks-slider kt-carousel-arrowstyle-whiteondark kt-carousel-dotstyle-none kb-slider-size-ratio kb-slider-type-slider kb-slider-ratio-12-5 kb-slider-group-arrow kb-slider-arrow-position-center kb-slider-tab-ratio-inherit kb-slider-mobile-ratio-inherit splide kb-splide  kb-slider-version-3\" aria-label=\"Slider content\" data-slider-center-mode=\"true\" data-slider-type=\"slider\" data-loop-type=\"loop\" data-columns-xxl=\"3\" data-columns-xl=\"3\" data-columns-md=\"3\" data-columns-sm=\"2\" data-columns-xs=\"1\" data-columns-ss=\"1\" data-slider-anim-speed=\"400\" data-slider-scroll=\"1\" data-slider-fade=\"true\" data-slider-arrows=\"true\" data-slider-dots=\"false\" data-slider-hover-pause=\"false\" data-slider-auto=\"true\"  data-dragging=\"true\" data-slider-speed=\"7000\" data-slider-gap=\"30\" data-slider-gap-tablet=\"30\" data-slider-gap-mobile=\"30\" data-slider-gap-unit=\"px\"><div class=\"splide__track\"><ul class=\"splide__list\">\n\n<li class=\"wp-block-kadence-slide kb-advanced-slide-item kb-slide-148_8d2569-87\"><div class=\"kb-advanced-slide\"><div class=\"kb-advanced-slide-inner-wrap\"><div class=\"kb-advanced-slide-inner\"><\/div><\/div><\/div><\/li>\n\n\n\n<li class=\"wp-block-kadence-slide kb-advanced-slide-item kb-slide-148_a0508f-d2\"><div class=\"kb-advanced-slide\"><div class=\"kb-advanced-slide-inner-wrap\"><div class=\"kb-advanced-slide-inner\"><\/div><\/div><\/div><\/li>\n\n\n\n<li class=\"wp-block-kadence-slide kb-advanced-slide-item kb-slide-148_a9be28-cc\"><div class=\"kb-advanced-slide\"><div class=\"kb-advanced-slide-inner-wrap\"><div class=\"kb-advanced-slide-inner\"><\/div><\/div><\/div><\/li>\n\n<\/ul><\/div><\/div><\/div><\/div><\/div><\/div><\/div>\n\n<\/div><\/div>","protected":false},"excerpt":{"rendered":"<p>Om os Art Fireplace Technology Limited. er en professionel producent af automatiske bioethanolpejse og 3D-vanddamppejse i Kina. Vi fokuserer p\u00e5 fjernstyrede, intelligente pejse med ultramoderne indretningsdesign og h\u00e5ndv\u00e6rk. Alle Art Fireplace-modeller har best\u00e5et CE\/FCC\/IC-godkendte certificeringer. Som f\u00f8rende inden for intelligente pejseanl\u00e6g er vi forpligtet til at levere h\u00f8jteknologiske pejse af h\u00f8j kvalitet til kunder over&#8230;<\/p>\n","protected":false},"author":1,"featured_media":0,"parent":0,"menu_order":0,"comment_status":"closed","ping_status":"closed","template":"","meta":{"_acf_changed":false,"_kad_blocks_custom_css":"","_kad_blocks_head_custom_js":"","_kad_blocks_body_custom_js":"","_kad_blocks_footer_custom_js":"","_kad_post_transparent":"","_kad_post_title":"","_kad_post_layout":"","_kad_post_sidebar_id":"","_kad_post_content_style":"","_kad_post_vertical_padding":"","_kad_post_feature":"","_kad_post_feature_position":"","_kad_post_header":false,"_kad_post_footer":false,"_kad_post_classname":"","footnotes":""},"class_list":["post-2808","page","type-page","status-publish","hentry"],"acf":[],"yoast_head":"<!-- This site is optimized with the Yoast SEO plugin v27.4 - https:\/\/yoast.com\/product\/yoast-seo-wordpress\/ -->\n<title>Om os - Modern Art Flames<\/title>\n<meta name=\"robots\" content=\"index, follow, max-snippet:-1, max-image-preview:large, max-video-preview:-1\" \/>\n<link rel=\"canonical\" href=\"https:\/\/www.artfireplace.com\/da\/om-os\/\" \/>\n<meta property=\"og:locale\" content=\"da_DK\" \/>\n<meta property=\"og:type\" content=\"article\" \/>\n<meta property=\"og:title\" content=\"Om os - Modern Art Flames\" \/>\n<meta property=\"og:description\" content=\"Om os Art Fireplace Technology Limited. er en professionel producent af automatiske bioethanolpejse og 3D-vanddamppejse i Kina. Vi fokuserer p\u00e5 fjernstyrede, intelligente pejse med ultramoderne indretningsdesign og h\u00e5ndv\u00e6rk. Alle Art Fireplace-modeller har best\u00e5et CE\/FCC\/IC-godkendte certificeringer. Som f\u00f8rende inden for intelligente pejseanl\u00e6g er vi forpligtet til at levere h\u00f8jteknologiske pejse af h\u00f8j kvalitet til kunder over...\" \/>\n<meta property=\"og:url\" content=\"https:\/\/www.artfireplace.com\/da\/om-os\/\" \/>\n<meta property=\"og:site_name\" content=\"Modern Art Flames\" \/>\n<meta property=\"article:modified_time\" content=\"2026-04-27T03:26:43+00:00\" \/>\n<meta name=\"twitter:card\" content=\"summary_large_image\" \/>\n<meta name=\"twitter:label1\" content=\"Estimeret l\u00e6setid\" \/>\n\t<meta name=\"twitter:data1\" content=\"1 minut\" \/>\n<script type=\"application\/ld+json\" class=\"yoast-schema-graph\">{\"@context\":\"https:\\\/\\\/schema.org\",\"@graph\":[{\"@type\":\"WebPage\",\"@id\":\"https:\\\/\\\/www.artfireplace.com\\\/da\\\/om-os\\\/\",\"url\":\"https:\\\/\\\/www.artfireplace.com\\\/da\\\/om-os\\\/\",\"name\":\"Om os - Modern Art Flames\",\"isPartOf\":{\"@id\":\"https:\\\/\\\/www.artfireplace.com\\\/da\\\/#website\"},\"datePublished\":\"2025-12-02T01:44:59+00:00\",\"dateModified\":\"2026-04-27T03:26:43+00:00\",\"breadcrumb\":{\"@id\":\"https:\\\/\\\/www.artfireplace.com\\\/da\\\/om-os\\\/#breadcrumb\"},\"inLanguage\":\"da-DK\",\"potentialAction\":[{\"@type\":\"ReadAction\",\"target\":[\"https:\\\/\\\/www.artfireplace.com\\\/da\\\/om-os\\\/\"]}]},{\"@type\":\"BreadcrumbList\",\"@id\":\"https:\\\/\\\/www.artfireplace.com\\\/da\\\/om-os\\\/#breadcrumb\",\"itemListElement\":[{\"@type\":\"ListItem\",\"position\":1,\"name\":\"Home\",\"item\":\"https:\\\/\\\/www.artfireplace.com\\\/da\\\/\"},{\"@type\":\"ListItem\",\"position\":2,\"name\":\"Om os\"}]},{\"@type\":\"WebSite\",\"@id\":\"https:\\\/\\\/www.artfireplace.com\\\/da\\\/#website\",\"url\":\"https:\\\/\\\/www.artfireplace.com\\\/da\\\/\",\"name\":\"Modern Art Flames\",\"description\":\"ArtFireplace\",\"publisher\":{\"@id\":\"https:\\\/\\\/www.artfireplace.com\\\/da\\\/#organization\"},\"potentialAction\":[{\"@type\":\"SearchAction\",\"target\":{\"@type\":\"EntryPoint\",\"urlTemplate\":\"https:\\\/\\\/www.artfireplace.com\\\/da\\\/?s={search_term_string}\"},\"query-input\":{\"@type\":\"PropertyValueSpecification\",\"valueRequired\":true,\"valueName\":\"search_term_string\"}}],\"inLanguage\":\"da-DK\"},{\"@type\":\"Organization\",\"@id\":\"https:\\\/\\\/www.artfireplace.com\\\/da\\\/#organization\",\"name\":\"Modern Art Flames\",\"url\":\"https:\\\/\\\/www.artfireplace.com\\\/da\\\/\",\"logo\":{\"@type\":\"ImageObject\",\"inLanguage\":\"da-DK\",\"@id\":\"https:\\\/\\\/www.artfireplace.com\\\/da\\\/#\\\/schema\\\/logo\\\/image\\\/\",\"url\":\"https:\\\/\\\/www.artfireplace.com\\\/wp-content\\\/uploads\\\/2025\\\/12\\\/logonew-e1764836223473.webp\",\"contentUrl\":\"https:\\\/\\\/www.artfireplace.com\\\/wp-content\\\/uploads\\\/2025\\\/12\\\/logonew-e1764836223473.webp\",\"width\":552,\"height\":120,\"caption\":\"Modern Art Flames\"},\"image\":{\"@id\":\"https:\\\/\\\/www.artfireplace.com\\\/da\\\/#\\\/schema\\\/logo\\\/image\\\/\"}}]}<\/script>\n<!-- \/ Yoast SEO plugin. -->","yoast_head_json":{"title":"Om os - Modern Art Flames","robots":{"index":"index","follow":"follow","max-snippet":"max-snippet:-1","max-image-preview":"max-image-preview:large","max-video-preview":"max-video-preview:-1"},"canonical":"https:\/\/www.artfireplace.com\/da\/om-os\/","og_locale":"da_DK","og_type":"article","og_title":"Om os - Modern Art Flames","og_description":"Om os Art Fireplace Technology Limited. er en professionel producent af automatiske bioethanolpejse og 3D-vanddamppejse i Kina. Vi fokuserer p\u00e5 fjernstyrede, intelligente pejse med ultramoderne indretningsdesign og h\u00e5ndv\u00e6rk. Alle Art Fireplace-modeller har best\u00e5et CE\/FCC\/IC-godkendte certificeringer. Som f\u00f8rende inden for intelligente pejseanl\u00e6g er vi forpligtet til at levere h\u00f8jteknologiske pejse af h\u00f8j kvalitet til kunder over...","og_url":"https:\/\/www.artfireplace.com\/da\/om-os\/","og_site_name":"Modern Art Flames","article_modified_time":"2026-04-27T03:26:43+00:00","twitter_card":"summary_large_image","twitter_misc":{"Estimeret l\u00e6setid":"1 minut"},"schema":{"@context":"https:\/\/schema.org","@graph":[{"@type":"WebPage","@id":"https:\/\/www.artfireplace.com\/da\/om-os\/","url":"https:\/\/www.artfireplace.com\/da\/om-os\/","name":"Om os - Modern Art Flames","isPartOf":{"@id":"https:\/\/www.artfireplace.com\/da\/#website"},"datePublished":"2025-12-02T01:44:59+00:00","dateModified":"2026-04-27T03:26:43+00:00","breadcrumb":{"@id":"https:\/\/www.artfireplace.com\/da\/om-os\/#breadcrumb"},"inLanguage":"da-DK","potentialAction":[{"@type":"ReadAction","target":["https:\/\/www.artfireplace.com\/da\/om-os\/"]}]},{"@type":"BreadcrumbList","@id":"https:\/\/www.artfireplace.com\/da\/om-os\/#breadcrumb","itemListElement":[{"@type":"ListItem","position":1,"name":"Home","item":"https:\/\/www.artfireplace.com\/da\/"},{"@type":"ListItem","position":2,"name":"Om os"}]},{"@type":"WebSite","@id":"https:\/\/www.artfireplace.com\/da\/#website","url":"https:\/\/www.artfireplace.com\/da\/","name":"Modern Art Flames","description":"ArtFireplace","publisher":{"@id":"https:\/\/www.artfireplace.com\/da\/#organization"},"potentialAction":[{"@type":"SearchAction","target":{"@type":"EntryPoint","urlTemplate":"https:\/\/www.artfireplace.com\/da\/?s={search_term_string}"},"query-input":{"@type":"PropertyValueSpecification","valueRequired":true,"valueName":"search_term_string"}}],"inLanguage":"da-DK"},{"@type":"Organization","@id":"https:\/\/www.artfireplace.com\/da\/#organization","name":"Modern Art Flames","url":"https:\/\/www.artfireplace.com\/da\/","logo":{"@type":"ImageObject","inLanguage":"da-DK","@id":"https:\/\/www.artfireplace.com\/da\/#\/schema\/logo\/image\/","url":"https:\/\/www.artfireplace.com\/wp-content\/uploads\/2025\/12\/logonew-e1764836223473.webp","contentUrl":"https:\/\/www.artfireplace.com\/wp-content\/uploads\/2025\/12\/logonew-e1764836223473.webp","width":552,"height":120,"caption":"Modern Art Flames"},"image":{"@id":"https:\/\/www.artfireplace.com\/da\/#\/schema\/logo\/image\/"}}]}},"taxonomy_info":[],"featured_image_src_large":false,"author_info":{"display_name":"qiuzhang","author_link":"https:\/\/www.artfireplace.com\/da\/author\/qiuzhang\/"},"comment_info":0,"_links":{"self":[{"href":"https:\/\/www.artfireplace.com\/da\/wp-json\/wp\/v2\/pages\/2808","targetHints":{"allow":["GET"]}}],"collection":[{"href":"https:\/\/www.artfireplace.com\/da\/wp-json\/wp\/v2\/pages"}],"about":[{"href":"https:\/\/www.artfireplace.com\/da\/wp-json\/wp\/v2\/types\/page"}],"author":[{"embeddable":true,"href":"https:\/\/www.artfireplace.com\/da\/wp-json\/wp\/v2\/users\/1"}],"replies":[{"embeddable":true,"href":"https:\/\/www.artfireplace.com\/da\/wp-json\/wp\/v2\/comments?post=2808"}],"version-history":[{"count":1,"href":"https:\/\/www.artfireplace.com\/da\/wp-json\/wp\/v2\/pages\/2808\/revisions"}],"predecessor-version":[{"id":2809,"href":"https:\/\/www.artfireplace.com\/da\/wp-json\/wp\/v2\/pages\/2808\/revisions\/2809"}],"wp:attachment":[{"href":"https:\/\/www.artfireplace.com\/da\/wp-json\/wp\/v2\/media?parent=2808"}],"curies":[{"name":"wp","href":"https:\/\/api.w.org\/{rel}","templated":true}]}}